{"id":708,"date":"2022-12-22T02:10:02","date_gmt":"2022-12-22T02:10:02","guid":{"rendered":"https:\/\/oldsite.sannaofficial.com\/?page_id=708"},"modified":"2023-01-24T17:14:25","modified_gmt":"2023-01-24T17:14:25","slug":"terminos-y-condiciones","status":"publish","type":"page","link":"https:\/\/oldsite.sannaofficial.com\/en\/terminos-y-condiciones\/","title":{"rendered":"Terms and conditions"},"content":{"rendered":"<p>Read carefully these terms and conditions applicable to the access and use of the services provided by SANNA within the site oldsite.sannaofficial.com.<\/p><p>These terms and conditions will apply to all visits to, and use of the site, as well as to the content, information, recommendations, products, and\/or services offered to you on or through the site. By accessing and using the site, you accept these terms and conditions in their entirety, in addition to any other laws or regulations that apply to the site and the Internet. If you do not accept these terms and conditions, please leave the Site.<\/p><p><strong>SECTION 1 \u2013 ACCEPTANCE OF TERMS<\/strong><\/p><p>By entering and\/or using this site, the user acknowledges having read and understood these general terms and conditions and the privacy policies and agrees with them and comply with all applicable laws and regulations that are part of Colombian legislation. In addition, when the user uses any service provided on this site, for example, chat, email, social networks, or contests, he will be subject to the rules, guides, policies, terms and conditions applicable to said service.<\/p><p><strong>SECTION 2 \u2013 SITE CONTENT<\/strong><\/p><p>All content appearing on the site, including, but not limited to, logos, icons, trademarks, text, graphics, photographs, images, moving images, sound, illustrations, and software (Content), is the property of SANNA. All site elements, including, but not limited to, the general design and content, may be protected by copyright, moral rights, database rights, trademark regulations and other copyright laws. Intellectual property.<\/p><p>Likewise, the use of content owned by third parties is expressly authorized by law. The contents on the website are protected by the rules on copyright, trademarks, and all national and international regulations that apply to it.<\/p><p>The site, its content, and all related rights will continue to be the exclusive property of SANNA. All rights reserved.<\/p><p><strong>SECTION 3 \u2013 COPYRIGHT AND TRADEMARKS<\/strong><\/p><p>The copyright in all content belongs and will continue to belong to SANNA and its affiliated companies, or its licensors as applicable. Except as otherwise indicated in specific documents on the Site, you are authorized to view, reproduce, print, and download content found on the Site for personal, informational, and non-commercial purposes only. You may not modify materials, and you may not copy, distribute, transmit, display, perform, reproduce, publish, license, create derivative works from, transfer, or sell any content. You may not reuse any content without first obtaining SANNA's consent for purposes of these terms; use of such content on any other website or networked computer environment is prohibited. You may not remove any copyright, trademark, or other proprietary notices from the site's content.<\/p><p><strong>SECTION 4 \u2013 MISUSE OF THE SITE<\/strong><\/p><p>You are prohibited from using the site to post or transmit any content that is user-generated, infringes or may infringe any third party intellectual property right, or is threatening, false, misleading, subversive, defamatory, invasive of privacy, obscene, pornographic , abusive, discriminatory or illegal, or that could constitute or encourage conduct that could be considered a criminal offense, violate the rights of any of the parties or that could otherwise give rise to civil liability or violate any law. SANNA may deny you access to the Site at any time in its sole discretion, and this may include situations where SANNA believes that your use of the Site is in breach of these Terms and Conditions and\/or applicable laws.<\/p><p><strong>SECTION 5 \u2013 WARRANTIES<\/strong><\/p><p>The Site and the Content are free and provided \u201cas is\u201d without warranty of any kind. The information on the site is for general information purposes only and does not constitute advice. SANNA does not warrant the use, validity, accuracy, or reliability of the material on this site or any website linked to it, or the results of its use or otherwise concerning such material.<\/p><p>SANNA informs its users that the information on this website may contain errors or inaccuracies, and may need to be completed or updated. Therefore, SANNA reserves the right to correct any error, omission, or inaccuracy, and change or update it at any time and without prior notice.<\/p><p>SANNA cannot represent or guarantee that the site will be uninterrupted or error free. SANNA makes no warranties or representations regarding the use of the content on the site as to its accuracy, precision, suitability, usefulness, timeliness, reliability, etc., or otherwise, in each case to the maximum extent permitted by applicable law.<\/p><p><strong>SECTION 6 \u2013 LIMITATION OF LIABILITY<\/strong><\/p><p>Your use of the Site is at your own risk. SANNA assumes no responsibility whatsoever, including any liability for any loss or damage, including. Still, not limited to, loss of information or profits, the existence of viruses, results of use or inability to use material on this site, lost business opportunities , or any other damage, even when the user has notified us about the possibility of such damages, or for any third-party claim, except as expressly provided herein.<\/p><p>Under the terms indicated here, SANNA does not assume any responsibility for the information provided on the page, including, but not limited to, that referring to products and\/or services, notes of interest, opinions, practical advice, and resolution of concerns. SANNA does not assume any responsibility for problems or for the impossibility of using the site or any of the pages that comprise it, including, but not limited to, events such as server or connection problems, communication interruptions, or technical problems.<\/p><p><strong>SECTION 7 \u2013 CHANGES TO THE TERMS<\/strong><\/p><p>SANNA reserves the right, at its sole discretion, to change, modify, add or remove any part of these Terms and Conditions at any time. Please check these terms periodically to inform yourself of any such changes. Your continued use of the Site after changes to these Terms and Conditions have been posted will mean you accept those changes.<\/p><p><strong>SECTION 8 \u2013 COLORS \/ PRODUCT DISPLAY<\/strong><\/p><p>The SANNA website aims to display product images as accurately as possible. However, we cannot guarantee that the color you see matches the color of the product, as color display depends, in part, on the device on which it is viewed. The configuration of each device affects the perception and visualization of the reference images.<\/p><p>The published images are reference images, therefore, there may be differences between the product received versus the reference product, these are products with a manual process and mass production. Therefore, they may have changes in the position of the shapes (Prints), color changes depending on the batch, texture of the fabric, etc.<\/p><p><strong>SECTION 9 \u2013 QUANTITY LIMITATION<\/strong><\/p><p>SANNA may, at its sole discretion, limit or cancel the quantities purchased per person, per user, or per order. In addition, SANNA reserves the right to reject any order that the purchasing user makes. These restrictions may include orders placed by the same SANNA website account, the same credit\/debit card, and orders with the same shipping or billing address. The references and quantities of units that the user or buyer may acquire remain at the discretion of SANNA.<\/p>","protected":false},"excerpt":{"rendered":"<p>Lea detenidamente estos t\u00e9rminos y condiciones aplicables al acceso y uso de los servicios prestados por SANNA dentro del sitio oldsite.sannaofficial.com. Estos t\u00e9rminos y condiciones se aplicar\u00e1n a todas las visitas, al uso del sitio, as\u00ed como al contenido, informaci\u00f3n, recomendaciones, productos y\/o servicios ofrecidos a usted en o a trav\u00e9s del sitio. Al acceder [&hellip;]<\/p>","protected":false},"author":1,"featured_media":0,"parent":0,"menu_order":0,"comment_status":"closed","ping_status":"closed","template":"custom-template.php","meta":{"om_disable_all_campaigns":false,"inline_featured_image":false,"_monsterinsights_skip_tracking":false,"_monsterinsights_sitenote_active":false,"_monsterinsights_sitenote_note":"","_monsterinsights_sitenote_category":0,"footnotes":""},"class_list":["post-708","page","type-page","status-publish","hentry"],"acf":[],"aioseo_notices":[],"_links":{"self":[{"href":"https:\/\/oldsite.sannaofficial.com\/en\/wp-json\/wp\/v2\/pages\/708","targetHints":{"allow":["GET"]}}],"collection":[{"href":"https:\/\/oldsite.sannaofficial.com\/en\/wp-json\/wp\/v2\/pages"}],"about":[{"href":"https:\/\/oldsite.sannaofficial.com\/en\/wp-json\/wp\/v2\/types\/page"}],"author":[{"embeddable":true,"href":"https:\/\/oldsite.sannaofficial.com\/en\/wp-json\/wp\/v2\/users\/1"}],"replies":[{"embeddable":true,"href":"https:\/\/oldsite.sannaofficial.com\/en\/wp-json\/wp\/v2\/comments?post=708"}],"version-history":[{"count":0,"href":"https:\/\/oldsite.sannaofficial.com\/en\/wp-json\/wp\/v2\/pages\/708\/revisions"}],"wp:attachment":[{"href":"https:\/\/oldsite.sannaofficial.com\/en\/wp-json\/wp\/v2\/media?parent=708"}],"curies":[{"name":"wp","href":"https:\/\/api.w.org\/{rel}","templated":true}]}}