{"id":1772,"date":"2023-08-30T14:25:13","date_gmt":"2023-08-30T14:25:13","guid":{"rendered":"https:\/\/oldsite.sannaofficial.com\/?post_type=product&#038;p=1772"},"modified":"2024-11-13T00:53:41","modified_gmt":"2024-11-13T00:53:41","slug":"enterizo-christie","status":"publish","type":"product","link":"https:\/\/oldsite.sannaofficial.com\/en\/producto\/enterizo-christie\/","title":{"rendered":"Enterizo Christie"},"content":{"rendered":"<p>Composici\u00f3n: 73% Ray\u00f3n, 20% Nylon &amp; 7% Spandex<\/p>","protected":false},"excerpt":{"rendered":"<p>Un enterizo corto hecho en ray\u00f3n, con cortes laterales en negro, escote redondo y manga corrida. Se cierra atr\u00e1s con corredera invisible y un bot\u00f3n en el top. \u00a1Vers\u00e1til, c\u00f3modo y divertido!<\/p>","protected":false},"featured_media":1698,"template":"","meta":{"om_disable_all_campaigns":false,"inline_featured_image":false,"_monsterinsights_skip_tracking":false,"_monsterinsights_sitenote_active":false,"_monsterinsights_sitenote_note":"","_monsterinsights_sitenote_category":0},"product_cat":[151,93],"product_tag":[38],"class_list":{"0":"post-1772","1":"product","2":"type-product","3":"status-publish","4":"has-post-thumbnail","6":"product_cat-black-month-sale","7":"product_cat-trovare","8":"product_tag-enterizos","9":"pa_color-ivory","10":"pa_tallas-xs","11":"pa_tallas-s","12":"pa_tallas-m","13":"pa_tallas-l","15":"first","16":"instock","17":"taxable","18":"shipping-taxable","19":"purchasable","20":"product-type-variable","21":"has-default-attributes"},"acf":[],"aioseo_notices":[],"_links":{"self":[{"href":"https:\/\/oldsite.sannaofficial.com\/en\/wp-json\/wp\/v2\/product\/1772","targetHints":{"allow":["GET"]}}],"collection":[{"href":"https:\/\/oldsite.sannaofficial.com\/en\/wp-json\/wp\/v2\/product"}],"about":[{"href":"https:\/\/oldsite.sannaofficial.com\/en\/wp-json\/wp\/v2\/types\/product"}],"wp:featuredmedia":[{"embeddable":true,"href":"https:\/\/oldsite.sannaofficial.com\/en\/wp-json\/wp\/v2\/media\/1698"}],"wp:attachment":[{"href":"https:\/\/oldsite.sannaofficial.com\/en\/wp-json\/wp\/v2\/media?parent=1772"}],"wp:term":[{"taxonomy":"product_cat","embeddable":true,"href":"https:\/\/oldsite.sannaofficial.com\/en\/wp-json\/wp\/v2\/product_cat?post=1772"},{"taxonomy":"product_tag","embeddable":true,"href":"https:\/\/oldsite.sannaofficial.com\/en\/wp-json\/wp\/v2\/product_tag?post=1772"}],"curies":[{"name":"wp","href":"https:\/\/api.w.org\/{rel}","templated":true}]}}